{"id":415,"date":"2022-01-04T13:37:48","date_gmt":"2022-01-04T13:37:48","guid":{"rendered":"https:\/\/ruza.thembaydev.com\/demo-2\/?page_id=415"},"modified":"2025-10-22T15:51:31","modified_gmt":"2025-10-22T14:51:31","slug":"faqs","status":"publish","type":"page","link":"https:\/\/nitandoua.com\/en\/faqs\/","title":{"rendered":"FAQs"},"content":{"rendered":"<div data-elementor-type=\"wp-page\" data-elementor-id=\"415\" class=\"elementor elementor-415\">\n\t\t\t\t<div class=\"elementor-element elementor-element-6115ee6 e-flex e-con-boxed e-con e-parent\" data-id=\"6115ee6\" data-element_type=\"container\">\n\t\t\t\t\t<div class=\"e-con-inner\">\n\t\t\t\t<div class=\"elementor-element elementor-element-50f58af elementor-widget-divider--view-line elementor-widget elementor-widget-divider\" data-id=\"50f58af\" data-element_type=\"widget\" data-widget_type=\"divider.default\">\n\t\t\t\t\t\t\t<div class=\"elementor-divider\">\n\t\t\t<span class=\"elementor-divider-separator\">\n\t\t\t\t\t\t<\/span>\n\t\t<\/div>\n\t\t\t\t\t\t<\/div>\n\t\t\t\t\t<\/div>\n\t\t\t\t<\/div>\n\t\t<div class=\"elementor-element elementor-element-4e3bdae e-flex e-con-boxed e-con e-parent\" data-id=\"4e3bdae\" data-element_type=\"container\">\n\t\t\t\t\t<div class=\"e-con-inner\">\n\t\t<div class=\"elementor-element elementor-element-5f53ce8 e-con-full e-flex e-con e-child\" data-id=\"5f53ce8\" data-element_type=\"container\">\n\t\t\t\t<div class=\"elementor-element elementor-element-e934247 elementor-position-left elementor-mobile-position-left elementor-view-default elementor-widget elementor-widget-icon-box\" data-id=\"e934247\" data-element_type=\"widget\" data-widget_type=\"icon-box.default\">\n\t\t\t\t\t\t\t<div class=\"elementor-icon-box-wrapper\">\n\n\t\t\t\t\t\t<div class=\"elementor-icon-box-icon\">\n\t\t\t\t<span  class=\"elementor-icon\">\n\t\t\t\t<i aria-hidden=\"true\" class=\"tb-icon tb-icon-box\"><\/i>\t\t\t\t<\/span>\n\t\t\t<\/div>\n\t\t\t\n\t\t\t\t\t\t<div class=\"elementor-icon-box-content\">\n\n\t\t\t\t\t\t\t\t\t<h3 class=\"elementor-icon-box-title\">\n\t\t\t\t\t\t<span  >\n\t\t\t\t\t\t\tLivraison au Maroc\t\t\t\t\t\t<\/span>\n\t\t\t\t\t<\/h3>\n\t\t\t\t\n\t\t\t\t\t\t\t\t\t<p class=\"elementor-icon-box-description\">\n\t\t\t\t\t\tLorem ipsum dolor sit amet, consectetur adipiscing elit\t\t\t\t\t<\/p>\n\t\t\t\t\n\t\t\t<\/div>\n\t\t\t\n\t\t<\/div>\n\t\t\t\t\t\t<\/div>\n\t\t\t\t<\/div>\n\t\t<div class=\"elementor-element elementor-element-49da7cb e-con-full e-flex e-con e-child\" data-id=\"49da7cb\" data-element_type=\"container\">\n\t\t\t\t<div class=\"elementor-element elementor-element-0536d9f elementor-position-left elementor-mobile-position-left elementor-view-default elementor-widget elementor-widget-icon-box\" data-id=\"0536d9f\" data-element_type=\"widget\" data-widget_type=\"icon-box.default\">\n\t\t\t\t\t\t\t<div class=\"elementor-icon-box-wrapper\">\n\n\t\t\t\t\t\t<div class=\"elementor-icon-box-icon\">\n\t\t\t\t<span  class=\"elementor-icon\">\n\t\t\t\t<i aria-hidden=\"true\" class=\"tb-icon tb-icon-convert-3d-cube\"><\/i>\t\t\t\t<\/span>\n\t\t\t<\/div>\n\t\t\t\n\t\t\t\t\t\t<div class=\"elementor-icon-box-content\">\n\n\t\t\t\t\t\t\t\t\t<h3 class=\"elementor-icon-box-title\">\n\t\t\t\t\t\t<span  >\n\t\t\t\t\t\t\tRetour sous 15 jours\t\t\t\t\t\t<\/span>\n\t\t\t\t\t<\/h3>\n\t\t\t\t\n\t\t\t\t\t\t\t\t\t<p class=\"elementor-icon-box-description\">\n\t\t\t\t\t\tLorem ipsum dolor sit amet, consectetur adipiscing elit\t\t\t\t\t<\/p>\n\t\t\t\t\n\t\t\t<\/div>\n\t\t\t\n\t\t<\/div>\n\t\t\t\t\t\t<\/div>\n\t\t\t\t<\/div>\n\t\t<div class=\"elementor-element elementor-element-3b31de5 e-con-full e-flex e-con e-child\" data-id=\"3b31de5\" data-element_type=\"container\">\n\t\t\t\t<div class=\"elementor-element elementor-element-0c14afc elementor-position-left elementor-mobile-position-left elementor-view-default elementor-widget elementor-widget-icon-box\" data-id=\"0c14afc\" data-element_type=\"widget\" data-widget_type=\"icon-box.default\">\n\t\t\t\t\t\t\t<div class=\"elementor-icon-box-wrapper\">\n\n\t\t\t\t\t\t<div class=\"elementor-icon-box-icon\">\n\t\t\t\t<span  class=\"elementor-icon\">\n\t\t\t\t<i aria-hidden=\"true\" class=\"tb-icon tb-icon-card-pos\"><\/i>\t\t\t\t<\/span>\n\t\t\t<\/div>\n\t\t\t\n\t\t\t\t\t\t<div class=\"elementor-icon-box-content\">\n\n\t\t\t\t\t\t\t\t\t<h3 class=\"elementor-icon-box-title\">\n\t\t\t\t\t\t<span  >\n\t\t\t\t\t\t\tPaiement s\u00e9curis\u00e9\t\t\t\t\t\t<\/span>\n\t\t\t\t\t<\/h3>\n\t\t\t\t\n\t\t\t\t\t\t\t\t\t<p class=\"elementor-icon-box-description\">\n\t\t\t\t\t\tLorem ipsum dolor sit amet, consectetur adipiscing elit\t\t\t\t\t<\/p>\n\t\t\t\t\n\t\t\t<\/div>\n\t\t\t\n\t\t<\/div>\n\t\t\t\t\t\t<\/div>\n\t\t\t\t<\/div>\n\t\t\t\t\t<\/div>\n\t\t\t\t<\/div>\n\t\t<div class=\"elementor-element elementor-element-99d6cfe e-flex e-con-boxed e-con e-parent\" data-id=\"99d6cfe\" data-element_type=\"container\">\n\t\t\t\t\t<div class=\"e-con-inner\">\n\t\t\t\t<div class=\"elementor-element elementor-element-570b9a5 elementor-widget elementor-widget-toggle\" data-id=\"570b9a5\" data-element_type=\"widget\" data-widget_type=\"toggle.default\">\n\t\t\t\t\t\t\t<div class=\"elementor-toggle\">\n\t\t\t\t\t\t\t<div class=\"elementor-toggle-item\">\n\t\t\t\t\t<div id=\"elementor-tab-title-9121\" class=\"elementor-tab-title\" data-tab=\"1\" role=\"button\" aria-controls=\"elementor-tab-content-9121\" aria-expanded=\"false\">\n\t\t\t\t\t\t\t\t\t\t\t\t<span class=\"elementor-toggle-icon elementor-toggle-icon-right\" aria-hidden=\"true\">\n\t\t\t\t\t\t\t\t\t\t\t\t\t\t\t<span class=\"elementor-toggle-icon-closed\"><i class=\"tb-icon tb-icon-plus\"><\/i><\/span>\n\t\t\t\t\t\t\t\t<span class=\"elementor-toggle-icon-opened\"><i class=\"elementor-toggle-icon-opened tb-icon tb-icon-minus\"><\/i><\/span>\n\t\t\t\t\t\t\t\t\t\t\t\t\t<\/span>\n\t\t\t\t\t\t\t\t\t\t\t\t<a class=\"elementor-toggle-title\" tabindex=\"0\">Qu'est-ce que NIT & OUA ?<\/a>\n\t\t\t\t\t<\/div>\n\n\t\t\t\t\t<div id=\"elementor-tab-content-9121\" class=\"elementor-tab-content elementor-clearfix\" data-tab=\"1\" role=\"region\" aria-labelledby=\"elementor-tab-title-9121\"><p>NIT &amp; OUA est une marque de luxe marocaine alliant rituels de beaut\u00e9 ancestraux et expertise moderne. Nos cr\u00e9ations mettent \u00e0 l&#8217;honneur ingr\u00e9dients naturels et parfums raffin\u00e9s, offrant un voyage sensoriel unique entre tradition et \u00e9l\u00e9gance.<\/p><\/div>\n\t\t\t\t<\/div>\n\t\t\t\t\t\t\t<div class=\"elementor-toggle-item\">\n\t\t\t\t\t<div id=\"elementor-tab-title-9122\" class=\"elementor-tab-title\" data-tab=\"2\" role=\"button\" aria-controls=\"elementor-tab-content-9122\" aria-expanded=\"false\">\n\t\t\t\t\t\t\t\t\t\t\t\t<span class=\"elementor-toggle-icon elementor-toggle-icon-right\" aria-hidden=\"true\">\n\t\t\t\t\t\t\t\t\t\t\t\t\t\t\t<span class=\"elementor-toggle-icon-closed\"><i class=\"tb-icon tb-icon-plus\"><\/i><\/span>\n\t\t\t\t\t\t\t\t<span class=\"elementor-toggle-icon-opened\"><i class=\"elementor-toggle-icon-opened tb-icon tb-icon-minus\"><\/i><\/span>\n\t\t\t\t\t\t\t\t\t\t\t\t\t<\/span>\n\t\t\t\t\t\t\t\t\t\t\t\t<a class=\"elementor-toggle-title\" tabindex=\"0\">Combien de temps dure le parfum ?<\/a>\n\t\t\t\t\t<\/div>\n\n\t\t\t\t\t<div id=\"elementor-tab-content-9122\" class=\"elementor-tab-content elementor-clearfix\" data-tab=\"2\" role=\"region\" aria-labelledby=\"elementor-tab-title-9122\"><p>Chaque soin corps NIT &amp; OUA est con\u00e7u pour laisser un parfum d\u00e9licat et durable sur votre peau. Nos senteurs signatures \u2013 jasmin, ambre, musc et fleur d&#8217;oranger \u2013 persistent pendant des heures, sublimant votre rituel beaut\u00e9 quotidien.<\/p><\/div>\n\t\t\t\t<\/div>\n\t\t\t\t\t\t\t<div class=\"elementor-toggle-item\">\n\t\t\t\t\t<div id=\"elementor-tab-title-9123\" class=\"elementor-tab-title\" data-tab=\"3\" role=\"button\" aria-controls=\"elementor-tab-content-9123\" aria-expanded=\"false\">\n\t\t\t\t\t\t\t\t\t\t\t\t<span class=\"elementor-toggle-icon elementor-toggle-icon-right\" aria-hidden=\"true\">\n\t\t\t\t\t\t\t\t\t\t\t\t\t\t\t<span class=\"elementor-toggle-icon-closed\"><i class=\"tb-icon tb-icon-plus\"><\/i><\/span>\n\t\t\t\t\t\t\t\t<span class=\"elementor-toggle-icon-opened\"><i class=\"elementor-toggle-icon-opened tb-icon tb-icon-minus\"><\/i><\/span>\n\t\t\t\t\t\t\t\t\t\t\t\t\t<\/span>\n\t\t\t\t\t\t\t\t\t\t\t\t<a class=\"elementor-toggle-title\" tabindex=\"0\">Puis-je utiliser les produits NIT & OUA tous les jours ?<\/a>\n\t\t\t\t\t<\/div>\n\n\t\t\t\t\t<div id=\"elementor-tab-content-9123\" class=\"elementor-tab-content elementor-clearfix\" data-tab=\"3\" role=\"region\" aria-labelledby=\"elementor-tab-title-9123\"><p>Absolument ! Nos gommages, cr\u00e8mes et brumes sont con\u00e7us pour \u00eatre doux et nourrissants, parfaits pour un usage quotidien. Ils s&#8217;adaptent \u00e0 tous les types de peau, la laissant douce, \u00e9clatante et d\u00e9licatement parfum\u00e9e.<\/p><\/div>\n\t\t\t\t<\/div>\n\t\t\t\t\t\t\t<div class=\"elementor-toggle-item\">\n\t\t\t\t\t<div id=\"elementor-tab-title-9124\" class=\"elementor-tab-title\" data-tab=\"4\" role=\"button\" aria-controls=\"elementor-tab-content-9124\" aria-expanded=\"false\">\n\t\t\t\t\t\t\t\t\t\t\t\t<span class=\"elementor-toggle-icon elementor-toggle-icon-right\" aria-hidden=\"true\">\n\t\t\t\t\t\t\t\t\t\t\t\t\t\t\t<span class=\"elementor-toggle-icon-closed\"><i class=\"tb-icon tb-icon-plus\"><\/i><\/span>\n\t\t\t\t\t\t\t\t<span class=\"elementor-toggle-icon-opened\"><i class=\"elementor-toggle-icon-opened tb-icon tb-icon-minus\"><\/i><\/span>\n\t\t\t\t\t\t\t\t\t\t\t\t\t<\/span>\n\t\t\t\t\t\t\t\t\t\t\t\t<a class=\"elementor-toggle-title\" tabindex=\"0\">Qu'est-ce qui rend NIT & OUA uniques ?<\/a>\n\t\t\t\t\t<\/div>\n\n\t\t\t\t\t<div id=\"elementor-tab-content-9124\" class=\"elementor-tab-content elementor-clearfix\" data-tab=\"4\" role=\"region\" aria-labelledby=\"elementor-tab-title-9124\"><p>Nous allions l&#8217;h\u00e9ritage marocain \u00e0 une touche de parfumerie de luxe. Chaque produit refl\u00e8te l&#8217;\u00e9l\u00e9gance, l&#8217;authenticit\u00e9 et le raffinement, vous permettant de profiter d&#8217;un rituel beaut\u00e9 \u00e0 la fois naturel et sophistiqu\u00e9.<\/p><\/div>\n\t\t\t\t<\/div>\n\t\t\t\t\t\t\t\t\t\t<script type=\"application\/ld+json\">{\"@context\":\"https:\\\/\\\/schema.org\",\"@type\":\"FAQPage\",\"mainEntity\":[{\"@type\":\"Question\",\"name\":\"Qu'est-ce que NIT & OUA ?\",\"acceptedAnswer\":{\"@type\":\"Answer\",\"text\":\"<p>NIT &amp; OUA est une marque de luxe marocaine alliant rituels de beaut\\u00e9 ancestraux et expertise moderne. Nos cr\\u00e9ations mettent \\u00e0 l&#8217;honneur ingr\\u00e9dients naturels et parfums raffin\\u00e9s, offrant un voyage sensoriel unique entre tradition et \\u00e9l\\u00e9gance.<\\\/p>\"}},{\"@type\":\"Question\",\"name\":\"Combien de temps dure le parfum ?\",\"acceptedAnswer\":{\"@type\":\"Answer\",\"text\":\"<p>Chaque soin corps NIT &amp; OUA est con\\u00e7u pour laisser un parfum d\\u00e9licat et durable sur votre peau. Nos senteurs signatures \\u2013 jasmin, ambre, musc et fleur d&#8217;oranger \\u2013 persistent pendant des heures, sublimant votre rituel beaut\\u00e9 quotidien.<\\\/p>\"}},{\"@type\":\"Question\",\"name\":\"Puis-je utiliser les produits NIT & OUA tous les jours ?\",\"acceptedAnswer\":{\"@type\":\"Answer\",\"text\":\"<p>Absolument ! Nos gommages, cr\\u00e8mes et brumes sont con\\u00e7us pour \\u00eatre doux et nourrissants, parfaits pour un usage quotidien. Ils s&#8217;adaptent \\u00e0 tous les types de peau, la laissant douce, \\u00e9clatante et d\\u00e9licatement parfum\\u00e9e.<\\\/p>\"}},{\"@type\":\"Question\",\"name\":\"Qu'est-ce qui rend NIT & OUA uniques ?\",\"acceptedAnswer\":{\"@type\":\"Answer\",\"text\":\"<p>Nous allions l&#8217;h\\u00e9ritage marocain \\u00e0 une touche de parfumerie de luxe. Chaque produit refl\\u00e8te l&#8217;\\u00e9l\\u00e9gance, l&#8217;authenticit\\u00e9 et le raffinement, vous permettant de profiter d&#8217;un rituel beaut\\u00e9 \\u00e0 la fois naturel et sophistiqu\\u00e9.<\\\/p>\"}}]}<\/script>\n\t\t\t\t\t<\/div>\n\t\t\t\t\t\t<\/div>\n\t\t\t\t\t<\/div>\n\t\t\t\t<\/div>\n\t\t\t\t<\/div>","protected":false},"excerpt":{"rendered":"<p>Livraison au Maroc Lorem ipsum dolor sit amet, consectetur adipiscing elit Retour sous 15 jours Lorem ipsum dolor sit amet, consectetur adipiscing elit Paiement s\u00e9curis\u00e9 Lorem ipsum dolor sit amet, consectetur adipiscing elit Qu&#8217;est-ce que NIT &#038; OUA ? NIT &amp; OUA est une marque de luxe marocaine alliant rituels de beaut\u00e9 ancestraux et expertise &hellip; <a href=\"https:\/\/nitandoua.com\/en\/faqs\/\" class=\"more-link\">Continue reading <span class=\"screen-reader-text\">FAQs<\/span><\/a><\/p>","protected":false},"author":1,"featured_media":0,"parent":0,"menu_order":0,"comment_status":"closed","ping_status":"closed","template":"","meta":{"footnotes":""},"class_list":["post-415","page","type-page","status-publish","hentry"],"_hostinger_reach_plugin_has_subscription_block":false,"_hostinger_reach_plugin_is_elementor":false,"jetpack_sharing_enabled":true,"_links":{"self":[{"href":"https:\/\/nitandoua.com\/en\/wp-json\/wp\/v2\/pages\/415","targetHints":{"allow":["GET"]}}],"collection":[{"href":"https:\/\/nitandoua.com\/en\/wp-json\/wp\/v2\/pages"}],"about":[{"href":"https:\/\/nitandoua.com\/en\/wp-json\/wp\/v2\/types\/page"}],"author":[{"embeddable":true,"href":"https:\/\/nitandoua.com\/en\/wp-json\/wp\/v2\/users\/1"}],"replies":[{"embeddable":true,"href":"https:\/\/nitandoua.com\/en\/wp-json\/wp\/v2\/comments?post=415"}],"version-history":[{"count":9,"href":"https:\/\/nitandoua.com\/en\/wp-json\/wp\/v2\/pages\/415\/revisions"}],"predecessor-version":[{"id":9166,"href":"https:\/\/nitandoua.com\/en\/wp-json\/wp\/v2\/pages\/415\/revisions\/9166"}],"wp:attachment":[{"href":"https:\/\/nitandoua.com\/en\/wp-json\/wp\/v2\/media?parent=415"}],"curies":[{"name":"wp","href":"https:\/\/api.w.org\/{rel}","templated":true}]}}