{"id":8875,"date":"2025-12-23T11:42:39","date_gmt":"2025-12-23T10:42:39","guid":{"rendered":"https:\/\/nitandoua.com\/?post_type=product&#038;p=8875"},"modified":"2026-01-08T14:59:20","modified_gmt":"2026-01-08T13:59:20","slug":"lait-corporel-a-base-dhuile-dargan","status":"publish","type":"product","link":"https:\/\/nitandoua.com\/en\/product\/lait-corporel-a-base-dhuile-dargan\/","title":{"rendered":"Lait corporel \u00c9clat d\u2019orient \u00e0 base d&#8217;huile d&#8217;argan"},"content":{"rendered":"<p>D\u00e9couvrez notre lait corporel hydratant, votre alli\u00e9 douceur pour une peau souple et \u00e9clatante toute la journ\u00e9e. Sa texture l\u00e9g\u00e8re p\u00e9n\u00e8tre rapidement sans laisser de film gras, pour une sensation de fra\u00eecheur irr\u00e9sistible. Id\u00e9al pour chouchouter votre peau apr\u00e8s la douche, il hydrate intens\u00e9ment tout en caressant votre \u00e9piderme d\u2019un voile d\u00e9licat. Offrez-vous un moment de plaisir et laissez votre peau rayonner de bien-\u00eatre !<\/p>","protected":false},"excerpt":{"rendered":"<p>Offrez \u00e0 votre peau une hydratation intense et une sensation de fra\u00eecheur imm\u00e9diate. Enrichie en vitamine E antioxydante, sa texture l\u00e9g\u00e8re fond instantan\u00e9ment sans effet gras, laissant la peau souple, douce, lumineuse et d\u00e9licatement parfum\u00e9e tout au long de la journ\u00e9e<\/p>","protected":false},"featured_media":9692,"template":"","meta":[],"product_brand":[],"product_cat":[93],"product_tag":[],"class_list":{"0":"post-8875","1":"product","2":"type-product","3":"status-publish","4":"has-post-thumbnail","6":"product_cat-lotions-et-hydratants","7":"product_shipping_class-regular-products","10":"instock","11":"shipping-taxable","12":"purchasable","13":"product-type-simple"},"jetpack_sharing_enabled":true,"_links":{"self":[{"href":"https:\/\/nitandoua.com\/en\/wp-json\/wp\/v2\/product\/8875","targetHints":{"allow":["GET"]}}],"collection":[{"href":"https:\/\/nitandoua.com\/en\/wp-json\/wp\/v2\/product"}],"about":[{"href":"https:\/\/nitandoua.com\/en\/wp-json\/wp\/v2\/types\/product"}],"version-history":[{"count":3,"href":"https:\/\/nitandoua.com\/en\/wp-json\/wp\/v2\/product\/8875\/revisions"}],"predecessor-version":[{"id":9610,"href":"https:\/\/nitandoua.com\/en\/wp-json\/wp\/v2\/product\/8875\/revisions\/9610"}],"wp:featuredmedia":[{"embeddable":true,"href":"https:\/\/nitandoua.com\/en\/wp-json\/wp\/v2\/media\/9692"}],"wp:attachment":[{"href":"https:\/\/nitandoua.com\/en\/wp-json\/wp\/v2\/media?parent=8875"}],"wp:term":[{"taxonomy":"product_brand","embeddable":true,"href":"https:\/\/nitandoua.com\/en\/wp-json\/wp\/v2\/product_brand?post=8875"},{"taxonomy":"product_cat","embeddable":true,"href":"https:\/\/nitandoua.com\/en\/wp-json\/wp\/v2\/product_cat?post=8875"},{"taxonomy":"product_tag","embeddable":true,"href":"https:\/\/nitandoua.com\/en\/wp-json\/wp\/v2\/product_tag?post=8875"}],"curies":[{"name":"wp","href":"https:\/\/api.w.org\/{rel}","templated":true}]}}