{"id":8914,"date":"2025-12-23T11:22:24","date_gmt":"2025-12-23T10:22:24","guid":{"rendered":"https:\/\/nitandoua.com\/?post_type=product&#038;p=8914"},"modified":"2026-01-08T14:58:30","modified_gmt":"2026-01-08T13:58:30","slug":"gel-douche-a-lhuile-dargan","status":"publish","type":"product","link":"https:\/\/nitandoua.com\/en\/product\/gel-douche-a-lhuile-dargan\/","title":{"rendered":"Gel douche \u00c9clat d\u2019orient \u00e0 l\u2019huile d\u2019argan"},"content":{"rendered":"<p>Plongez sous la douche avec notre gel douche \u00e0 l\u2019huile d\u2019argan, qui transforme votre routine en un moment de douceur et de plaisir. Sa formule d\u00e9licate nettoie votre peau tout en la nourrissant intens\u00e9ment gr\u00e2ce aux vertus hydratantes de l\u2019huile d\u2019argan. R\u00e9sultat ? Une peau douce, souple et d\u00e9licatement parfum\u00e9e pour commencer la journ\u00e9e avec bonne humeur. Un vrai petit luxe quotidien \u00e0 s\u2019offrir sans mod\u00e9ration !<\/p>","protected":false},"excerpt":{"rendered":"<p>Savourez un moment de bien-\u00eatre avec notre gel douche \u00e0 l\u2019huile d\u2019argan. Sa mousse douce nettoie d\u00e9licatement, nourrit en profondeur et parfume la peau d\u2019un sillage raffin\u00e9<\/p>","protected":false},"featured_media":9687,"template":"","meta":[],"product_brand":[],"product_cat":[95],"product_tag":[],"class_list":{"0":"post-8914","1":"product","2":"type-product","3":"status-publish","4":"has-post-thumbnail","6":"product_cat-gel-douche","7":"product_shipping_class-regular-products","10":"instock","11":"shipping-taxable","12":"purchasable","13":"product-type-simple"},"jetpack_sharing_enabled":true,"_links":{"self":[{"href":"https:\/\/nitandoua.com\/en\/wp-json\/wp\/v2\/product\/8914","targetHints":{"allow":["GET"]}}],"collection":[{"href":"https:\/\/nitandoua.com\/en\/wp-json\/wp\/v2\/product"}],"about":[{"href":"https:\/\/nitandoua.com\/en\/wp-json\/wp\/v2\/types\/product"}],"version-history":[{"count":4,"href":"https:\/\/nitandoua.com\/en\/wp-json\/wp\/v2\/product\/8914\/revisions"}],"predecessor-version":[{"id":9607,"href":"https:\/\/nitandoua.com\/en\/wp-json\/wp\/v2\/product\/8914\/revisions\/9607"}],"wp:featuredmedia":[{"embeddable":true,"href":"https:\/\/nitandoua.com\/en\/wp-json\/wp\/v2\/media\/9687"}],"wp:attachment":[{"href":"https:\/\/nitandoua.com\/en\/wp-json\/wp\/v2\/media?parent=8914"}],"wp:term":[{"taxonomy":"product_brand","embeddable":true,"href":"https:\/\/nitandoua.com\/en\/wp-json\/wp\/v2\/product_brand?post=8914"},{"taxonomy":"product_cat","embeddable":true,"href":"https:\/\/nitandoua.com\/en\/wp-json\/wp\/v2\/product_cat?post=8914"},{"taxonomy":"product_tag","embeddable":true,"href":"https:\/\/nitandoua.com\/en\/wp-json\/wp\/v2\/product_tag?post=8914"}],"curies":[{"name":"wp","href":"https:\/\/api.w.org\/{rel}","templated":true}]}}