{"id":8919,"date":"2025-12-23T11:36:55","date_gmt":"2025-12-23T10:36:55","guid":{"rendered":"https:\/\/nitandoua.com\/?post_type=product&#038;p=8919"},"modified":"2026-01-08T14:57:14","modified_gmt":"2026-01-08T13:57:14","slug":"huile-precieuse-a-lhuile-dargan","status":"publish","type":"product","link":"https:\/\/nitandoua.com\/en\/product\/huile-precieuse-a-lhuile-dargan\/","title":{"rendered":"Huile pr\u00e9cieuse \u00c9clat d\u2019orient \u00e0 l\u2019huile d\u2019argan"},"content":{"rendered":"<p>D\u00e9couvrez notre Huile pr\u00e9cieuse, une formule l\u00e9g\u00e8re qui illumine votre peau et vos cheveux d\u2019un \u00e9clat naturel. Facile \u00e0 appliquer, elle nourrit en profondeur sans laisser de film gras. Parfaite pour un look radieux au quotidien, elle apporte douceur et souplesse tout en chouchoutant votre beaut\u00e9. Offrez-vous un petit secret de charme \u00e0 glisser dans votre routine !<\/p>","protected":false},"excerpt":{"rendered":"<p>D\u00e9couvrez notre Huile Pr\u00e9cieuse : une formule l\u00e9g\u00e8re qui illumine peau et cheveux d\u2019un \u00e9clat naturel. Enrichie en huile d\u2019argan, d\u2019amande douce et d\u2019abricot, elle nourrit en profondeur sans effet gras. Douceur, souplesse et glow au quotidien.<\/p>","protected":false},"featured_media":9689,"template":"","meta":[],"product_brand":[],"product_cat":[96],"product_tag":[],"class_list":{"0":"post-8919","1":"product","2":"type-product","3":"status-publish","4":"has-post-thumbnail","6":"product_cat-huile-pour-le-corps","7":"product_shipping_class-regular-products","10":"instock","11":"shipping-taxable","12":"purchasable","13":"product-type-simple"},"jetpack_sharing_enabled":true,"_links":{"self":[{"href":"https:\/\/nitandoua.com\/en\/wp-json\/wp\/v2\/product\/8919","targetHints":{"allow":["GET"]}}],"collection":[{"href":"https:\/\/nitandoua.com\/en\/wp-json\/wp\/v2\/product"}],"about":[{"href":"https:\/\/nitandoua.com\/en\/wp-json\/wp\/v2\/types\/product"}],"version-history":[{"count":4,"href":"https:\/\/nitandoua.com\/en\/wp-json\/wp\/v2\/product\/8919\/revisions"}],"predecessor-version":[{"id":9609,"href":"https:\/\/nitandoua.com\/en\/wp-json\/wp\/v2\/product\/8919\/revisions\/9609"}],"wp:featuredmedia":[{"embeddable":true,"href":"https:\/\/nitandoua.com\/en\/wp-json\/wp\/v2\/media\/9689"}],"wp:attachment":[{"href":"https:\/\/nitandoua.com\/en\/wp-json\/wp\/v2\/media?parent=8919"}],"wp:term":[{"taxonomy":"product_brand","embeddable":true,"href":"https:\/\/nitandoua.com\/en\/wp-json\/wp\/v2\/product_brand?post=8919"},{"taxonomy":"product_cat","embeddable":true,"href":"https:\/\/nitandoua.com\/en\/wp-json\/wp\/v2\/product_cat?post=8919"},{"taxonomy":"product_tag","embeddable":true,"href":"https:\/\/nitandoua.com\/en\/wp-json\/wp\/v2\/product_tag?post=8919"}],"curies":[{"name":"wp","href":"https:\/\/api.w.org\/{rel}","templated":true}]}}