{"id":8923,"date":"2025-12-23T11:44:56","date_gmt":"2025-12-23T10:44:56","guid":{"rendered":"https:\/\/nitandoua.com\/?post_type=product&#038;p=8923"},"modified":"2026-01-08T14:56:14","modified_gmt":"2026-01-08T13:56:14","slug":"gommage-gourmand-au-sucre","status":"publish","type":"product","link":"https:\/\/nitandoua.com\/en\/product\/gommage-gourmand-au-sucre\/","title":{"rendered":"Gommage Gourmand \u00c9clat d\u2019orient au sucre"},"content":{"rendered":"<p>Offrez \u00e0 votre peau un moment de douceur sucr\u00e9e avec ce gommage au sucre ! Sa texture d\u00e9licate \u00e9limine en douceur les cellules mortes pour r\u00e9v\u00e9ler une peau lisse et \u00e9clatante. Facile \u00e0 utiliser, il laisse une sensation de fra\u00eecheur et un parfum gourmand qui \u00e9gayera votre routine beaut\u00e9. Transformez l\u2019exfoliation en un vrai plaisir sucr\u00e9 !<\/p>","protected":false},"excerpt":{"rendered":"<p>Offrez \u00e0 votre peau un moment de douceur sucr\u00e9e avec ce gommage au sucre ! Sa texture d\u00e9licate \u00e9limine en douceur les cellules mortes pour r\u00e9v\u00e9ler une peau lisse et \u00e9clatante. Facile \u00e0 utiliser, il laisse une sensation de fra\u00eecheur et un parfum gourmand qui \u00e9gayera votre routine beaut\u00e9. Transformez l\u2019exfoliation en un vrai plaisir sucr\u00e9 !<\/p>","protected":false},"featured_media":9685,"template":"","meta":[],"product_brand":[],"product_cat":[94],"product_tag":[],"class_list":{"0":"post-8923","1":"product","2":"type-product","3":"status-publish","4":"has-post-thumbnail","6":"product_cat-bain-corps","7":"product_shipping_class-regular-products","10":"instock","11":"shipping-taxable","12":"purchasable","13":"product-type-simple"},"jetpack_sharing_enabled":true,"_links":{"self":[{"href":"https:\/\/nitandoua.com\/en\/wp-json\/wp\/v2\/product\/8923","targetHints":{"allow":["GET"]}}],"collection":[{"href":"https:\/\/nitandoua.com\/en\/wp-json\/wp\/v2\/product"}],"about":[{"href":"https:\/\/nitandoua.com\/en\/wp-json\/wp\/v2\/types\/product"}],"version-history":[{"count":3,"href":"https:\/\/nitandoua.com\/en\/wp-json\/wp\/v2\/product\/8923\/revisions"}],"predecessor-version":[{"id":9608,"href":"https:\/\/nitandoua.com\/en\/wp-json\/wp\/v2\/product\/8923\/revisions\/9608"}],"wp:featuredmedia":[{"embeddable":true,"href":"https:\/\/nitandoua.com\/en\/wp-json\/wp\/v2\/media\/9685"}],"wp:attachment":[{"href":"https:\/\/nitandoua.com\/en\/wp-json\/wp\/v2\/media?parent=8923"}],"wp:term":[{"taxonomy":"product_brand","embeddable":true,"href":"https:\/\/nitandoua.com\/en\/wp-json\/wp\/v2\/product_brand?post=8923"},{"taxonomy":"product_cat","embeddable":true,"href":"https:\/\/nitandoua.com\/en\/wp-json\/wp\/v2\/product_cat?post=8923"},{"taxonomy":"product_tag","embeddable":true,"href":"https:\/\/nitandoua.com\/en\/wp-json\/wp\/v2\/product_tag?post=8923"}],"curies":[{"name":"wp","href":"https:\/\/api.w.org\/{rel}","templated":true}]}}