{"id":8929,"date":"2025-10-17T09:45:40","date_gmt":"2025-10-17T08:45:40","guid":{"rendered":"https:\/\/nitandoua.com\/?post_type=product&#038;p=8929"},"modified":"2026-01-05T15:06:22","modified_gmt":"2026-01-05T14:06:22","slug":"brume-paillete-shimmer-mist","status":"publish","type":"product","link":"https:\/\/nitandoua.com\/en\/product\/brume-paillete-shimmer-mist\/","title":{"rendered":"Brume Paillet\u00e9 &#8211; shimmer mist"},"content":{"rendered":"<p>Apportez une touche de magie avec la Brume Mist Paillet\u00e9 ! Ce spray l\u00e9ger et scintillant illumine instantan\u00e9ment votre peau ou vos cheveux d\u2019un \u00e9clat fun et joyeux. Parfait pour rayonner en toute simplicit\u00e9, c\u2019est comme un petit festival de paillettes \u00e0 emporter partout avec vous pour briller \u00e0 chaque instant.<\/p>","protected":false},"excerpt":{"rendered":"<p>Apportez une touche de magie avec la Brume Mist Paillet\u00e9 ! Ce spray l\u00e9ger et scintillant illumine instantan\u00e9ment votre peau ou vos cheveux d\u2019un \u00e9clat fun et joyeux. Parfait pour rayonner en toute simplicit\u00e9, c\u2019est comme un petit festival de paillettes \u00e0 emporter partout avec vous pour briller \u00e0 chaque instant.<\/p>","protected":false},"featured_media":9305,"template":"","meta":[],"product_brand":[],"product_cat":[98],"product_tag":[],"class_list":{"0":"post-8929","1":"product","2":"type-product","3":"status-publish","4":"has-post-thumbnail","6":"product_cat-brumes-corporelles","7":"product_shipping_class-regular-products","10":"instock","11":"shipping-taxable","12":"purchasable","13":"product-type-simple"},"jetpack_sharing_enabled":true,"_links":{"self":[{"href":"https:\/\/nitandoua.com\/en\/wp-json\/wp\/v2\/product\/8929","targetHints":{"allow":["GET"]}}],"collection":[{"href":"https:\/\/nitandoua.com\/en\/wp-json\/wp\/v2\/product"}],"about":[{"href":"https:\/\/nitandoua.com\/en\/wp-json\/wp\/v2\/types\/product"}],"version-history":[{"count":2,"href":"https:\/\/nitandoua.com\/en\/wp-json\/wp\/v2\/product\/8929\/revisions"}],"predecessor-version":[{"id":9146,"href":"https:\/\/nitandoua.com\/en\/wp-json\/wp\/v2\/product\/8929\/revisions\/9146"}],"wp:featuredmedia":[{"embeddable":true,"href":"https:\/\/nitandoua.com\/en\/wp-json\/wp\/v2\/media\/9305"}],"wp:attachment":[{"href":"https:\/\/nitandoua.com\/en\/wp-json\/wp\/v2\/media?parent=8929"}],"wp:term":[{"taxonomy":"product_brand","embeddable":true,"href":"https:\/\/nitandoua.com\/en\/wp-json\/wp\/v2\/product_brand?post=8929"},{"taxonomy":"product_cat","embeddable":true,"href":"https:\/\/nitandoua.com\/en\/wp-json\/wp\/v2\/product_cat?post=8929"},{"taxonomy":"product_tag","embeddable":true,"href":"https:\/\/nitandoua.com\/en\/wp-json\/wp\/v2\/product_tag?post=8929"}],"curies":[{"name":"wp","href":"https:\/\/api.w.org\/{rel}","templated":true}]}}