{"id":8954,"date":"2025-12-24T12:36:37","date_gmt":"2025-12-24T11:36:37","guid":{"rendered":"https:\/\/nitandoua.com\/?post_type=product&#038;p=8954"},"modified":"2026-01-05T15:59:57","modified_gmt":"2026-01-05T14:59:57","slug":"rituel-eclat-dorient","status":"publish","type":"product","link":"https:\/\/nitandoua.com\/en\/product\/rituel-eclat-dorient\/","title":{"rendered":"Rituel \u00c9clat d\u2019orient"},"content":{"rendered":"<p><strong>\u00c9clat d\u2019Orient \u2013 Le rituel complet de lumi\u00e8re<\/strong><\/p>\n<p>N\u00e9 de l\u2019h\u00e9ritage raffin\u00e9 des rituels orientaux et inspir\u00e9 par l\u2019art du hammam, \u00c9clat d\u2019Orient est une exp\u00e9rience sensorielle qui illumine la peau et r\u00e9veille les sens. Chaque geste, chaque texture et chaque parfum racontent une histoire de beaut\u00e9 intemporelle, o\u00f9 la tradition rencontre l\u2019\u00e9l\u00e9gance moderne. Tous les produits, sont enrichis en huile d\u2019argan, reconnue pour ses propri\u00e9t\u00e9s nourrissantes et r\u00e9g\u00e9n\u00e9rantes.<\/p>\n<p><strong>Scrub Sublimateur<\/strong><br \/>\nUn gommage riche et d\u00e9licat qui exfolie en douceur, \u00e9limine les impuret\u00e9s et r\u00e9v\u00e8le une peau douce et lumineuse. L\u2019huile d\u2019argan nourrit la peau pendant l\u2019exfoliation pour un toucher soyeux.<\/p>\n<p><strong>Gel Douche Envo\u00fbtant<\/strong><br \/>\nUne mousse fine et parfum\u00e9e qui nettoie en douceur, tout en laissant la peau souple et d\u00e9licatement hydrat\u00e9e gr\u00e2ce \u00e0 l\u2019huile d\u2019argan.<\/p>\n<p><strong>Lotion Corporelle Velout\u00e9e<\/strong><br \/>\nEnrichie en vitamine E antioxydante et en huile d\u2019argan, cette lotion hydrate intens\u00e9ment, prot\u00e8ge la peau des agressions ext\u00e9rieures et la laisse satin\u00e9e et parfum\u00e9e.<\/p>\n<p><strong>Huile Pr\u00e9cieuse Nourrissante<\/strong><br \/>\nUn \u00e9lixir luxueux compos\u00e9 d\u2019un m\u00e9lange d\u2019huiles naturelles : argan, amande douce et noyau d\u2019abricot. Nourrit en profondeur, restaure l\u2019\u00e9lasticit\u00e9 et laisse un \u00e9clat naturel incomparable.<\/p>\n<p><strong>Brume Mist Paillet\u00e9e<\/strong><br \/>\nUn souffle l\u00e9ger et scintillant qui parfume la peau et r\u00e9v\u00e8le un \u00e9clat lumineux. Ses fines paillettes captent la lumi\u00e8re et ajoutent une touche de magie \u00e0 votre peau.<\/p>\n<p>Les notes chaudes et envo\u00fbtantes de cannelle, vanille, ambre, caramel et musc bois de santal enveloppent le rituel, cr\u00e9ant une signature olfactive unique, raffin\u00e9e et inoubliable.<\/p>\n<p>\u00c9clat d\u2019Orient \u2013 plus qu\u2019un soin, une exp\u00e9rience sensorielle compl\u00e8te.<\/p>","protected":false},"excerpt":{"rendered":"<p>Rituel \u00c9clat d\u2019orient<br \/>\nN\u00e9 des rituels orientaux et inspir\u00e9 par l\u2019art du hammam, \u00c9clat d\u2019Orient offre une exp\u00e9rience sensorielle qui illumine la peau et \u00e9veille les sens. Son parfum associe des notes de caramel, d\u2019ambre, de vanille, de musk et de bois de santal, pour un sillage gourmand et \u00e9l\u00e9gant. Chaque produit, enrichi en huile d\u2019argan nourrissante et r\u00e9g\u00e9n\u00e9rante, allie tradition et modernit\u00e9 dans un rituel de\u00a0beaut\u00e9\u00a0unique.<\/p>","protected":false},"featured_media":9413,"template":"","meta":[],"product_brand":[],"product_cat":[99],"product_tag":[],"class_list":{"0":"post-8954","1":"product","2":"type-product","3":"status-publish","4":"has-post-thumbnail","6":"product_cat-packs","7":"product_shipping_class-pack-products","10":"instock","11":"sale","12":"shipping-taxable","13":"purchasable","14":"product-type-woosb"},"jetpack_sharing_enabled":true,"_links":{"self":[{"href":"https:\/\/nitandoua.com\/en\/wp-json\/wp\/v2\/product\/8954","targetHints":{"allow":["GET"]}}],"collection":[{"href":"https:\/\/nitandoua.com\/en\/wp-json\/wp\/v2\/product"}],"about":[{"href":"https:\/\/nitandoua.com\/en\/wp-json\/wp\/v2\/types\/product"}],"version-history":[{"count":4,"href":"https:\/\/nitandoua.com\/en\/wp-json\/wp\/v2\/product\/8954\/revisions"}],"predecessor-version":[{"id":9419,"href":"https:\/\/nitandoua.com\/en\/wp-json\/wp\/v2\/product\/8954\/revisions\/9419"}],"wp:featuredmedia":[{"embeddable":true,"href":"https:\/\/nitandoua.com\/en\/wp-json\/wp\/v2\/media\/9413"}],"wp:attachment":[{"href":"https:\/\/nitandoua.com\/en\/wp-json\/wp\/v2\/media?parent=8954"}],"wp:term":[{"taxonomy":"product_brand","embeddable":true,"href":"https:\/\/nitandoua.com\/en\/wp-json\/wp\/v2\/product_brand?post=8954"},{"taxonomy":"product_cat","embeddable":true,"href":"https:\/\/nitandoua.com\/en\/wp-json\/wp\/v2\/product_cat?post=8954"},{"taxonomy":"product_tag","embeddable":true,"href":"https:\/\/nitandoua.com\/en\/wp-json\/wp\/v2\/product_tag?post=8954"}],"curies":[{"name":"wp","href":"https:\/\/api.w.org\/{rel}","templated":true}]}}