{"id":9512,"date":"2025-12-23T11:34:30","date_gmt":"2025-12-23T10:34:30","guid":{"rendered":"https:\/\/nitandoua.com\/?post_type=product&#038;p=9512"},"modified":"2026-01-08T14:57:48","modified_gmt":"2026-01-08T13:57:48","slug":"huile-precieuse-a-lhuile-dargan-2","status":"publish","type":"product","link":"https:\/\/nitandoua.com\/en\/product\/huile-precieuse-a-lhuile-dargan-2\/","title":{"rendered":"Huile pr\u00e9cieuse Fleur d\u2019oranger \u00e0 l\u2019huile d\u2019argan"},"content":{"rendered":"<p data-path-to-node=\"2\"><b data-path-to-node=\"2\" data-index-in-node=\"0\">Marque :<\/b> Nit &amp; Oua Marrakech<\/p>\n<p data-path-to-node=\"3\"><b data-path-to-node=\"3\" data-index-in-node=\"0\">Produit :<\/b> Huile pr\u00e9cieuse \u00e0 l\u2019huile d\u2019argan<\/p>\n<p data-path-to-node=\"4\"><b data-path-to-node=\"4\" data-index-in-node=\"0\">Contenance :<\/b> 100 ML<\/p>\n<hr data-path-to-node=\"5\" \/>\n<h3 data-path-to-node=\"6\">Ingr\u00e9dients Cl\u00e9s<\/h3>\n<p data-path-to-node=\"7\">Le visuel met en avant quatre composants essentiels pour le soin de la peau :<\/p>\n<ul data-path-to-node=\"8\">\n<li>\n<p data-path-to-node=\"8,0,0\"><b data-path-to-node=\"8,0,0\" data-index-in-node=\"0\">Huile d\u2019argan :<\/b> Pour nourrir la peau en profondeur.<\/p>\n<\/li>\n<li>\n<p data-path-to-node=\"8,1,0\"><b data-path-to-node=\"8,1,0\" data-index-in-node=\"0\">Vitamine E :<\/b> Apporte une protection antioxydante.<\/p>\n<\/li>\n<li>\n<p data-path-to-node=\"8,2,0\"><b data-path-to-node=\"8,2,0\" data-index-in-node=\"0\">Huile d\u2019amande douce :<\/b> Aide \u00e0 embellir et nourrir la peau.<\/p>\n<\/li>\n<li>\n<p data-path-to-node=\"8,3,0\"><b data-path-to-node=\"8,3,0\" data-index-in-node=\"0\">Huile de noyau d\u2019abricot :<\/b> Reconnue pour ses propri\u00e9t\u00e9s r\u00e9g\u00e9n\u00e9rantes.<\/p>\n<\/li>\n<\/ul>\n<h3 data-path-to-node=\"9\">Description et Bienfaits<\/h3>\n<p data-path-to-node=\"10\">Cette huile naturelle est con\u00e7ue pour nourrir et embellir la peau. Sa formule riche en huiles pr\u00e9cieuses et en vitamine E offre un soin complet tout en restant agr\u00e9able \u00e0 l&#8217;application.<\/p>\n<p data-path-to-node=\"11\">Le produit se distingue par sa <b data-path-to-node=\"11\" data-index-in-node=\"31\">texture l\u00e9g\u00e8re<\/b> qui p\u00e9n\u00e8tre rapidement et laisse un <b data-path-to-node=\"11\" data-index-in-node=\"82\">parfum chaleureux<\/b> sur la peau.<\/p>\n<hr data-path-to-node=\"12\" \/>\n<h3 data-path-to-node=\"13\">Caract\u00e9ristiques Principales<\/h3>\n<table data-path-to-node=\"14\">\n<thead>\n<tr>\n<td><strong>Caract\u00e9ristique<\/strong><\/td>\n<td><strong>B\u00e9n\u00e9fice<\/strong><\/td>\n<\/tr>\n<\/thead>\n<tbody>\n<tr>\n<td><span data-path-to-node=\"14,1,0,0\"><b data-path-to-node=\"14,1,0,0\" data-index-in-node=\"0\">P\u00e9n\u00e9tration<\/b><\/span><\/td>\n<td><span data-path-to-node=\"14,1,1,0\">Texture l\u00e9g\u00e8re qui p\u00e9n\u00e8tre rapidement.<\/span><\/td>\n<\/tr>\n<tr>\n<td><span data-path-to-node=\"14,2,0,0\"><b data-path-to-node=\"14,2,0,0\" data-index-in-node=\"0\">Action<\/b><\/span><\/td>\n<td><span data-path-to-node=\"14,2,1,0\">Nourrit et embellit la peau.<\/span><\/td>\n<\/tr>\n<tr>\n<td><span data-path-to-node=\"14,3,0,0\"><b data-path-to-node=\"14,3,0,0\" data-index-in-node=\"0\">Parfum<\/b><\/span><\/td>\n<td><span data-path-to-node=\"14,3,1,0\">Laisse une empreinte parfum\u00e9e chaleureuse.<\/span><\/td>\n<\/tr>\n<tr>\n<td><span data-path-to-node=\"14,4,0,0\"><b data-path-to-node=\"14,4,0,0\" data-index-in-node=\"0\">luxury<\/b><\/span><\/td>\n<td><span data-path-to-node=\"14,4,1,0\">Formule \u00e0 base d&#8217;huiles naturelles.<\/span><\/td>\n<\/tr>\n<\/tbody>\n<\/table>","protected":false},"excerpt":{"rendered":"<p>Une huile naturelle qui nourrit et embellit la peau, riche en huile d&#8217;argan, en huile d&#8217;amande douce, en huile de noyau d&#8217;abricot et en vitamine E. Sa texture l\u00e9g\u00e8re p\u00e9n\u00e8tre rapidement et laisse un parfum chaleureux<\/p>","protected":false},"featured_media":9690,"template":"","meta":[],"product_brand":[],"product_cat":[96],"product_tag":[],"class_list":{"0":"post-9512","1":"product","2":"type-product","3":"status-publish","4":"has-post-thumbnail","6":"product_cat-huile-pour-le-corps","7":"product_shipping_class-regular-products","10":"instock","11":"shipping-taxable","12":"purchasable","13":"product-type-simple"},"jetpack_sharing_enabled":true,"_links":{"self":[{"href":"https:\/\/nitandoua.com\/en\/wp-json\/wp\/v2\/product\/9512","targetHints":{"allow":["GET"]}}],"collection":[{"href":"https:\/\/nitandoua.com\/en\/wp-json\/wp\/v2\/product"}],"about":[{"href":"https:\/\/nitandoua.com\/en\/wp-json\/wp\/v2\/types\/product"}],"version-history":[{"count":3,"href":"https:\/\/nitandoua.com\/en\/wp-json\/wp\/v2\/product\/9512\/revisions"}],"predecessor-version":[{"id":9603,"href":"https:\/\/nitandoua.com\/en\/wp-json\/wp\/v2\/product\/9512\/revisions\/9603"}],"wp:featuredmedia":[{"embeddable":true,"href":"https:\/\/nitandoua.com\/en\/wp-json\/wp\/v2\/media\/9690"}],"wp:attachment":[{"href":"https:\/\/nitandoua.com\/en\/wp-json\/wp\/v2\/media?parent=9512"}],"wp:term":[{"taxonomy":"product_brand","embeddable":true,"href":"https:\/\/nitandoua.com\/en\/wp-json\/wp\/v2\/product_brand?post=9512"},{"taxonomy":"product_cat","embeddable":true,"href":"https:\/\/nitandoua.com\/en\/wp-json\/wp\/v2\/product_cat?post=9512"},{"taxonomy":"product_tag","embeddable":true,"href":"https:\/\/nitandoua.com\/en\/wp-json\/wp\/v2\/product_tag?post=9512"}],"curies":[{"name":"wp","href":"https:\/\/api.w.org\/{rel}","templated":true}]}}