{"id":9517,"date":"2025-12-23T11:40:06","date_gmt":"2025-12-23T10:40:06","guid":{"rendered":"https:\/\/nitandoua.com\/?post_type=product&#038;p=9517"},"modified":"2026-01-08T14:59:05","modified_gmt":"2026-01-08T13:59:05","slug":"lait-corporel-a-base-dhuile-dargan-2","status":"publish","type":"product","link":"https:\/\/nitandoua.com\/en\/product\/lait-corporel-a-base-dhuile-dargan-2\/","title":{"rendered":"Lait corporel Fleur d\u2019oranger \u00e0 base d&#8217;huile d&#8217;argan"},"content":{"rendered":"<p data-path-to-node=\"2\"><b data-path-to-node=\"2\" data-index-in-node=\"0\">Marque :<\/b> Nit &amp; Oua Marrakech<\/p>\n<p data-path-to-node=\"3\"><b data-path-to-node=\"3\" data-index-in-node=\"0\">Produit :<\/b> Lait corporel \u00e0 base d&#8217;huile d&#8217;argan<\/p>\n<p data-path-to-node=\"4\"><b data-path-to-node=\"4\" data-index-in-node=\"0\">Contenance :<\/b> 200 ML<\/p>\n<hr data-path-to-node=\"5\" \/>\n<h3 data-path-to-node=\"6\">Ingr\u00e9dients Cl\u00e9s<\/h3>\n<p data-path-to-node=\"7\">Le visuel met en avant quatre composants essentiels pour le soin de la peau :<\/p>\n<ul data-path-to-node=\"8\">\n<li>\n<p data-path-to-node=\"8,0,0\"><b data-path-to-node=\"8,0,0\" data-index-in-node=\"0\">Huile d\u2019argan :<\/b> Pour nourrir et r\u00e9g\u00e9n\u00e9rer la peau.<\/p>\n<\/li>\n<li>\n<p data-path-to-node=\"8,1,0\"><b data-path-to-node=\"8,1,0\" data-index-in-node=\"0\">Vitamine E :<\/b> Apporte une protection antioxydante.<\/p>\n<\/li>\n<li>\n<p data-path-to-node=\"8,2,0\"><b data-path-to-node=\"8,2,0\" data-index-in-node=\"0\">Huile de p\u00e9pins de raisin :<\/b> Pour ses propri\u00e9t\u00e9s hydratantes et protectrices.<\/p>\n<\/li>\n<li>\n<p data-path-to-node=\"8,3,0\"><b data-path-to-node=\"8,3,0\" data-index-in-node=\"0\">Beurre de karit\u00e9 :<\/b> Reconnu pour son action nourrissante intense.<\/p>\n<\/li>\n<\/ul>\n<h3 data-path-to-node=\"9\">Description et Bienfaits<\/h3>\n<p data-path-to-node=\"10\">Cette cr\u00e8me douce est con\u00e7ue pour hydrater et nourrir la peau en profondeur. Sa formule riche en ingr\u00e9dients naturels permet de rendre la peau souple et incroyablement douce.<\/p>\n<p data-path-to-node=\"11\">Le produit se distingue par sa <b data-path-to-node=\"11\" data-index-in-node=\"31\">senteur chaleureuse<\/b> qui laisse la peau d\u00e9licatement parfum\u00e9e apr\u00e8s chaque application.<\/p>\n<hr data-path-to-node=\"12\" \/>\n<h3 data-path-to-node=\"13\">Caract\u00e9ristiques Principales<\/h3>\n<table data-path-to-node=\"14\">\n<thead>\n<tr>\n<td><strong>Caract\u00e9ristique<\/strong><\/td>\n<td><strong>B\u00e9n\u00e9fice<\/strong><\/td>\n<\/tr>\n<\/thead>\n<tbody>\n<tr>\n<td><span data-path-to-node=\"14,1,0,0\"><b data-path-to-node=\"14,1,0,0\" data-index-in-node=\"0\">Hydratation<\/b><\/span><\/td>\n<td><span data-path-to-node=\"14,1,1,0\">Cr\u00e8me douce qui hydrate et nourrit la peau.<\/span><\/td>\n<\/tr>\n<tr>\n<td><span data-path-to-node=\"14,2,0,0\"><b data-path-to-node=\"14,2,0,0\" data-index-in-node=\"0\">Texture<\/b><\/span><\/td>\n<td><span data-path-to-node=\"14,2,1,0\">Laisse la peau souple et tr\u00e8s douce.<\/span><\/td>\n<\/tr>\n<tr>\n<td><span data-path-to-node=\"14,3,0,0\"><b data-path-to-node=\"14,3,0,0\" data-index-in-node=\"0\">Parfum<\/b><\/span><\/td>\n<td><span data-path-to-node=\"14,3,1,0\">D\u00e9licatement parfum\u00e9 d&#8217;une senteur chaleureuse.<\/span><\/td>\n<\/tr>\n<tr>\n<td><span data-path-to-node=\"14,4,0,0\"><b data-path-to-node=\"14,4,0,0\" data-index-in-node=\"0\">Richesse<\/b><\/span><\/td>\n<td><span data-path-to-node=\"14,4,1,0\">Formule enrichie au beurre de karit\u00e9 et huiles naturelles.<\/span><\/td>\n<\/tr>\n<\/tbody>\n<\/table>","protected":false},"excerpt":{"rendered":"<p>Une cr\u00e8me douce qui hydrate et nourrit la peau, riche en huile d&#8217;argan, en vitamine E, en huile de p\u00e9pins de raisin et en beurre de karit\u00e9. Elle laisse la peau souple, douce et d\u00e9licatement parfum\u00e9e d&#8217;une senteur chaleureuse.<\/p>","protected":false},"featured_media":9691,"template":"","meta":[],"product_brand":[],"product_cat":[93],"product_tag":[],"class_list":{"0":"post-9517","1":"product","2":"type-product","3":"status-publish","4":"has-post-thumbnail","6":"product_cat-lotions-et-hydratants","7":"product_shipping_class-regular-products","10":"instock","11":"shipping-taxable","12":"purchasable","13":"product-type-simple"},"jetpack_sharing_enabled":true,"_links":{"self":[{"href":"https:\/\/nitandoua.com\/en\/wp-json\/wp\/v2\/product\/9517","targetHints":{"allow":["GET"]}}],"collection":[{"href":"https:\/\/nitandoua.com\/en\/wp-json\/wp\/v2\/product"}],"about":[{"href":"https:\/\/nitandoua.com\/en\/wp-json\/wp\/v2\/types\/product"}],"version-history":[{"count":3,"href":"https:\/\/nitandoua.com\/en\/wp-json\/wp\/v2\/product\/9517\/revisions"}],"predecessor-version":[{"id":9604,"href":"https:\/\/nitandoua.com\/en\/wp-json\/wp\/v2\/product\/9517\/revisions\/9604"}],"wp:featuredmedia":[{"embeddable":true,"href":"https:\/\/nitandoua.com\/en\/wp-json\/wp\/v2\/media\/9691"}],"wp:attachment":[{"href":"https:\/\/nitandoua.com\/en\/wp-json\/wp\/v2\/media?parent=9517"}],"wp:term":[{"taxonomy":"product_brand","embeddable":true,"href":"https:\/\/nitandoua.com\/en\/wp-json\/wp\/v2\/product_brand?post=9517"},{"taxonomy":"product_cat","embeddable":true,"href":"https:\/\/nitandoua.com\/en\/wp-json\/wp\/v2\/product_cat?post=9517"},{"taxonomy":"product_tag","embeddable":true,"href":"https:\/\/nitandoua.com\/en\/wp-json\/wp\/v2\/product_tag?post=9517"}],"curies":[{"name":"wp","href":"https:\/\/api.w.org\/{rel}","templated":true}]}}