{"id":9522,"date":"2025-12-23T11:45:36","date_gmt":"2025-12-23T10:45:36","guid":{"rendered":"https:\/\/nitandoua.com\/?post_type=product&#038;p=9522"},"modified":"2026-01-08T14:56:25","modified_gmt":"2026-01-08T13:56:25","slug":"gommage-gourmand-au-sucre-2","status":"publish","type":"product","link":"https:\/\/nitandoua.com\/en\/product\/gommage-gourmand-au-sucre-2\/","title":{"rendered":"Gommage gourmand Fleur d\u2019oranger au sucre"},"content":{"rendered":"<p data-path-to-node=\"27\"><b data-path-to-node=\"27\" data-index-in-node=\"0\">Pr\u00e9sentation du Produit<\/b><\/p>\n<ul data-path-to-node=\"28\">\n<li>\n<p data-path-to-node=\"28,0,0\"><b data-path-to-node=\"28,0,0\" data-index-in-node=\"0\">Marque :<\/b> Nit &amp; Oua Marrakech<\/p>\n<\/li>\n<li>\n<p data-path-to-node=\"28,1,0\"><b data-path-to-node=\"28,1,0\" data-index-in-node=\"0\">Produit :<\/b> Gommage gourmand au sucre<\/p>\n<\/li>\n<li>\n<p data-path-to-node=\"28,2,0\"><b data-path-to-node=\"28,2,0\" data-index-in-node=\"0\">Contenance :<\/b> 300 G<\/p>\n<\/li>\n<\/ul>\n<p data-path-to-node=\"29\"><b data-path-to-node=\"29\" data-index-in-node=\"0\">Ingr\u00e9dients Cl\u00e9s<\/b><\/p>\n<ul data-path-to-node=\"30\">\n<li>\n<p data-path-to-node=\"30,0,0\"><b data-path-to-node=\"30,0,0\" data-index-in-node=\"0\">Extrait de canne \u00e0 sucre :<\/b> Exfoliation naturelle.<\/p>\n<\/li>\n<li>\n<p data-path-to-node=\"30,1,0\"><b data-path-to-node=\"30,1,0\" data-index-in-node=\"0\">Huile d\u2019argan &amp; Amande douce :<\/b> Adoucissent et nourrissent.<\/p>\n<\/li>\n<li>\n<p data-path-to-node=\"30,2,0\"><b data-path-to-node=\"30,2,0\" data-index-in-node=\"0\">Huile de noyau d\u2019abricot &amp; Vitamine E :<\/b> Revitalisent l&#8217;\u00e9clat.<\/p>\n<\/li>\n<\/ul>\n<p>Description &amp; Bienfaits<\/p>\n<p>Ce gommage traditionnel marocain exfolie en douceur pour \u00e9liminer les impuret\u00e9s et les cellules mortes. Il laisse la peau lumineuse avec un fini soyeux unique gr\u00e2ce \u00e0 sa richesse en huiles v\u00e9g\u00e9tales.<\/p>\n<table data-path-to-node=\"32\">\n<thead>\n<tr>\n<td><strong>Caract\u00e9ristique<\/strong><\/td>\n<td><strong>B\u00e9n\u00e9fice<\/strong><\/td>\n<\/tr>\n<\/thead>\n<tbody>\n<tr>\n<td><span data-path-to-node=\"32,1,0,0\"><b data-path-to-node=\"32,1,0,0\" data-index-in-node=\"0\">Exfoliation<\/b><\/span><\/td>\n<td><span data-path-to-node=\"32,1,1,0\">\u00c9limine les impuret\u00e9s en douceur.<\/span><\/td>\n<\/tr>\n<tr>\n<td><span data-path-to-node=\"32,2,0,0\"><b data-path-to-node=\"32,2,0,0\" data-index-in-node=\"0\">\u00c9clat<\/b><\/span><\/td>\n<td><span data-path-to-node=\"32,2,1,0\">Teint plus lumineux et peau lisse.<\/span><\/td>\n<\/tr>\n<tr>\n<td><span data-path-to-node=\"32,3,0,0\"><b data-path-to-node=\"32,3,0,0\" data-index-in-node=\"0\">Finition<\/b><\/span><\/td>\n<td><span data-path-to-node=\"32,3,1,0\">Apporte un toucher soyeux irr\u00e9sistible.<\/span><\/td>\n<\/tr>\n<\/tbody>\n<\/table>","protected":false},"excerpt":{"rendered":"<p>Un gommage marocain qui exfolie en douceur, \u00e9limine les impuret\u00e9s et laisse la peau douce et lumineuse. Riche en huile d&#8217;argan, en huile de noyau d&#8217;abricot et en vitamine E, il nourrit la peau et lui apporte un fini soyeux.<\/p>","protected":false},"featured_media":9686,"template":"","meta":[],"product_brand":[],"product_cat":[94],"product_tag":[],"class_list":{"0":"post-9522","1":"product","2":"type-product","3":"status-publish","4":"has-post-thumbnail","6":"product_cat-bain-corps","7":"product_shipping_class-regular-products","10":"instock","11":"shipping-taxable","12":"purchasable","13":"product-type-simple"},"jetpack_sharing_enabled":true,"_links":{"self":[{"href":"https:\/\/nitandoua.com\/en\/wp-json\/wp\/v2\/product\/9522","targetHints":{"allow":["GET"]}}],"collection":[{"href":"https:\/\/nitandoua.com\/en\/wp-json\/wp\/v2\/product"}],"about":[{"href":"https:\/\/nitandoua.com\/en\/wp-json\/wp\/v2\/types\/product"}],"version-history":[{"count":3,"href":"https:\/\/nitandoua.com\/en\/wp-json\/wp\/v2\/product\/9522\/revisions"}],"predecessor-version":[{"id":9606,"href":"https:\/\/nitandoua.com\/en\/wp-json\/wp\/v2\/product\/9522\/revisions\/9606"}],"wp:featuredmedia":[{"embeddable":true,"href":"https:\/\/nitandoua.com\/en\/wp-json\/wp\/v2\/media\/9686"}],"wp:attachment":[{"href":"https:\/\/nitandoua.com\/en\/wp-json\/wp\/v2\/media?parent=9522"}],"wp:term":[{"taxonomy":"product_brand","embeddable":true,"href":"https:\/\/nitandoua.com\/en\/wp-json\/wp\/v2\/product_brand?post=9522"},{"taxonomy":"product_cat","embeddable":true,"href":"https:\/\/nitandoua.com\/en\/wp-json\/wp\/v2\/product_cat?post=9522"},{"taxonomy":"product_tag","embeddable":true,"href":"https:\/\/nitandoua.com\/en\/wp-json\/wp\/v2\/product_tag?post=9522"}],"curies":[{"name":"wp","href":"https:\/\/api.w.org\/{rel}","templated":true}]}}