{"id":9531,"date":"2025-12-24T12:27:37","date_gmt":"2025-12-24T11:27:37","guid":{"rendered":"https:\/\/nitandoua.com\/?post_type=product&#038;p=9531"},"modified":"2026-01-05T16:00:09","modified_gmt":"2026-01-05T15:00:09","slug":"coussin-moussant","status":"publish","type":"product","link":"https:\/\/nitandoua.com\/en\/product\/coussin-moussant\/","title":{"rendered":"Coussin moussant"},"content":{"rendered":"<p>Inspir\u00e9 des rituels de bain des riads marocains, ce coussin moussant renferme un savon d\u00e9licatement parfum\u00e9 pour transformer chaque douche en un v\u00e9ritable moment de bien-\u00eatre.<\/p>\n<p>Sa texture douce et g\u00e9n\u00e9reuse cr\u00e9e une mousse l\u00e9g\u00e8re et onctueuse au contact de l\u2019eau, nettoyant la peau en douceur tout en respectant son \u00e9quilibre naturel.<\/p>\n<p>Les notes fra\u00eeches de citron et de bergamote apportent une sensation de puret\u00e9 et d\u2019\u00e9nergie, subtilement r\u00e9chauff\u00e9es par la douceur apaisante de la fleur d\u2019oranger et la chaleur solaire de l\u2019orange. Une harmonie olfactive raffin\u00e9e qui \u00e9voque la fra\u00eecheur d\u2019un matin dans un riad marocain.<\/p>\n<p>Id\u00e9al pour un usage quotidien, ce coussin moussant laisse la peau propre, douce et d\u00e9licatement parfum\u00e9e, tout en offrant une exp\u00e9rience sensorielle unique.<\/p>\n<p>Les + :<\/p>\n<p>Nettoyage doux et moussant<\/p>\n<p>Savon int\u00e9gr\u00e9 parfum\u00e9 aux notes naturelles<\/p>\n<p>Sensation de fra\u00eecheur et de d\u00e9tente<\/p>\n<p>Inspir\u00e9 des rituels traditionnels marocains<\/p>\n<p data-path-to-node=\"4,0,0\">","protected":false},"excerpt":{"rendered":"<p>Inspir\u00e9 des rituels des riads marocains, ce coussin moussant transforme la douche en un pur moment de bien-\u00eatre. Sa mousse onctueuse nettoie la peau en douceur, la laissant souple et d\u00e9licatement parfum\u00e9e aux notes fra\u00eeches de citron, bergamote et fleur d\u2019orange.<\/p>","protected":false},"featured_media":9549,"template":"","meta":[],"product_brand":[],"product_cat":[114],"product_tag":[],"class_list":{"0":"post-9531","1":"product","2":"type-product","3":"status-publish","4":"has-post-thumbnail","6":"product_cat-accessoire","7":"product_shipping_class-regular-products","10":"instock","11":"shipping-taxable","12":"purchasable","13":"product-type-simple"},"jetpack_sharing_enabled":true,"_links":{"self":[{"href":"https:\/\/nitandoua.com\/en\/wp-json\/wp\/v2\/product\/9531","targetHints":{"allow":["GET"]}}],"collection":[{"href":"https:\/\/nitandoua.com\/en\/wp-json\/wp\/v2\/product"}],"about":[{"href":"https:\/\/nitandoua.com\/en\/wp-json\/wp\/v2\/types\/product"}],"version-history":[{"count":3,"href":"https:\/\/nitandoua.com\/en\/wp-json\/wp\/v2\/product\/9531\/revisions"}],"predecessor-version":[{"id":9551,"href":"https:\/\/nitandoua.com\/en\/wp-json\/wp\/v2\/product\/9531\/revisions\/9551"}],"wp:featuredmedia":[{"embeddable":true,"href":"https:\/\/nitandoua.com\/en\/wp-json\/wp\/v2\/media\/9549"}],"wp:attachment":[{"href":"https:\/\/nitandoua.com\/en\/wp-json\/wp\/v2\/media?parent=9531"}],"wp:term":[{"taxonomy":"product_brand","embeddable":true,"href":"https:\/\/nitandoua.com\/en\/wp-json\/wp\/v2\/product_brand?post=9531"},{"taxonomy":"product_cat","embeddable":true,"href":"https:\/\/nitandoua.com\/en\/wp-json\/wp\/v2\/product_cat?post=9531"},{"taxonomy":"product_tag","embeddable":true,"href":"https:\/\/nitandoua.com\/en\/wp-json\/wp\/v2\/product_tag?post=9531"}],"curies":[{"name":"wp","href":"https:\/\/api.w.org\/{rel}","templated":true}]}}