{"id":9754,"date":"2026-04-07T08:48:50","date_gmt":"2026-04-07T07:48:50","guid":{"rendered":"https:\/\/nitandoua.com\/?post_type=product&#038;p=9754"},"modified":"2026-04-07T08:48:50","modified_gmt":"2026-04-07T07:48:50","slug":"huile-precieuse-a-loud","status":"publish","type":"product","link":"https:\/\/nitandoua.com\/en\/product\/huile-precieuse-a-loud\/","title":{"rendered":"Huile Pr\u00e9cieuse \u00e0 l\u2019Oud"},"content":{"rendered":"<p>D\u00e9couvrez notre Huile Pr\u00e9cieuse \u00e0 l\u2019Oud : l\u00e9g\u00e8re et sensorielle, elle sublime la peau et les cheveux d\u2019un \u00e9clat naturel. Enrichie en huiles d\u2019argan, d\u2019amande douce et d\u2019abricot, elle nourrit en profondeur sans laisser de film gras. Douceur, souplesse et glow au quotidien.<\/p>","protected":false},"excerpt":{"rendered":"<p>D\u00e9couvrez notre Huile Pr\u00e9cieuse \u00e0 l\u2019Oud : l\u00e9g\u00e8re et sensorielle, elle sublime la peau et les cheveux d\u2019un \u00e9clat naturel. Enrichie en huiles d\u2019argan, d\u2019amande douce et d\u2019abricot, elle nourrit en profondeur sans laisser de film gras. Douceur, souplesse et glow au quotidien.<\/p>","protected":false},"featured_media":9759,"template":"","meta":[],"product_brand":[],"product_cat":[96],"product_tag":[],"class_list":{"0":"post-9754","1":"product","2":"type-product","3":"status-publish","4":"has-post-thumbnail","6":"product_cat-huile-pour-le-corps","9":"instock","10":"shipping-taxable","11":"purchasable","12":"product-type-simple"},"jetpack_sharing_enabled":true,"_links":{"self":[{"href":"https:\/\/nitandoua.com\/en\/wp-json\/wp\/v2\/product\/9754","targetHints":{"allow":["GET"]}}],"collection":[{"href":"https:\/\/nitandoua.com\/en\/wp-json\/wp\/v2\/product"}],"about":[{"href":"https:\/\/nitandoua.com\/en\/wp-json\/wp\/v2\/types\/product"}],"version-history":[{"count":1,"href":"https:\/\/nitandoua.com\/en\/wp-json\/wp\/v2\/product\/9754\/revisions"}],"predecessor-version":[{"id":9760,"href":"https:\/\/nitandoua.com\/en\/wp-json\/wp\/v2\/product\/9754\/revisions\/9760"}],"wp:featuredmedia":[{"embeddable":true,"href":"https:\/\/nitandoua.com\/en\/wp-json\/wp\/v2\/media\/9759"}],"wp:attachment":[{"href":"https:\/\/nitandoua.com\/en\/wp-json\/wp\/v2\/media?parent=9754"}],"wp:term":[{"taxonomy":"product_brand","embeddable":true,"href":"https:\/\/nitandoua.com\/en\/wp-json\/wp\/v2\/product_brand?post=9754"},{"taxonomy":"product_cat","embeddable":true,"href":"https:\/\/nitandoua.com\/en\/wp-json\/wp\/v2\/product_cat?post=9754"},{"taxonomy":"product_tag","embeddable":true,"href":"https:\/\/nitandoua.com\/en\/wp-json\/wp\/v2\/product_tag?post=9754"}],"curies":[{"name":"wp","href":"https:\/\/api.w.org\/{rel}","templated":true}]}}